{"id":34,"date":"2020-05-02T15:37:58","date_gmt":"2020-05-02T20:37:58","guid":{"rendered":"https:\/\/www.funtofundraising.com\/?page_id=34"},"modified":"2020-05-04T20:41:45","modified_gmt":"2020-05-05T01:41:45","slug":"fidelizacion-y-desarrollo-de-donantes","status":"publish","type":"page","link":"http:\/\/www.funtofundraising.com\/en\/fidelizacion-y-desarrollo-de-donantes\/","title":{"rendered":"FIDELIZACI\u00d3N Y DESARROLLO DE DONANTES"},"content":{"rendered":"<div class=\"wp-block-image\"><figure class=\"aligncenter size-large\"><img decoding=\"async\" width=\"200\" height=\"200\" src=\"https:\/\/www.funtofundraising.com\/wp-content\/uploads\/2020\/05\/icono-FIDELIZACI\u00d3N-Y-DESARROLLO-DE-DONANTES_200x200_activo.png\" alt=\"fidelizaci\u00f3n-y-desarrollo-de-donantes-fun-to-fundaraising\" class=\"wp-image-131\" srcset=\"https:\/\/www.funtofundraising.com\/wp-content\/uploads\/2020\/05\/icono-FIDELIZACI\u00d3N-Y-DESARROLLO-DE-DONANTES_200x200_activo.png 200w, https:\/\/www.funtofundraising.com\/wp-content\/uploads\/2020\/05\/icono-FIDELIZACI\u00d3N-Y-DESARROLLO-DE-DONANTES_200x200_activo-150x150.png 150w\" sizes=\"(max-width: 200px) 100vw, 200px\" \/><\/figure><\/div>\n\n\n\n<p class=\"has-text-align-center\">Para cualquier organizaci\u00f3n un donante es el patrimonio m\u00e1s preciado. <strong>Somos expertos en desarrollar y ejecutar programas integrales de fidelizaci\u00f3n<\/strong> que prolonguen su relaci\u00f3n y compromiso con la causa o misi\u00f3n de nuestros clientes.<\/p>\n\n\n\n<hr class=\"wp-block-separator\"\/>\n\n\n\n<h3 class=\"has-text-align-center wp-block-heading\">Con\u00f3zca m\u00e1s de nuestro trabajo:<\/h3>\n\n\n\n<div class=\"wp-block-image\"><figure class=\"aligncenter size-large is-resized\"><a href=\"https:\/\/www.funtofundraising.com\/en\/adquisicion-de-nuevos-donantes\/\"><img decoding=\"async\" src=\"https:\/\/www.funtofundraising.com\/wp-content\/uploads\/2020\/05\/icono-ADQUISICI\u00d3N-DE-NUEVOS-DONANTES_inactivo.png\" alt=\"adquisici\u00f3n-de-nuevos-donantes-fun-to-fundaraising\" class=\"wp-image-126\" width=\"100\" height=\"100\" srcset=\"https:\/\/www.funtofundraising.com\/wp-content\/uploads\/2020\/05\/icono-ADQUISICI\u00d3N-DE-NUEVOS-DONANTES_inactivo.png 200w, https:\/\/www.funtofundraising.com\/wp-content\/uploads\/2020\/05\/icono-ADQUISICI\u00d3N-DE-NUEVOS-DONANTES_inactivo-150x150.png 150w\" sizes=\"(max-width: 100px) 100vw, 100px\" \/><\/a><\/figure><\/div>\n\n\n\n<p class=\"has-text-align-center\"><a href=\"https:\/\/www.funtofundraising.com\/en\/adquisicion-de-nuevos-donantes\/\">ADQUISICI\u00d3N DE NUEVOS DONANTES<\/a><\/p>\n\n\n\n<div class=\"wp-block-image\"><figure class=\"aligncenter size-large is-resized\"><a href=\"https:\/\/www.funtofundraising.com\/en\/desarrollo-de-canales-y-proyectos-especificos\/\"><img decoding=\"async\" src=\"https:\/\/www.funtofundraising.com\/wp-content\/uploads\/2020\/05\/icono-DESARROLLO-DE-CANALES-Y-PROYECTOS-ESPEC\u00cdFICOS_200x200_inactivo.png\" alt=\"desarrollo-de-canales-y-proyectos-fun-to-fundaraising\" class=\"wp-image-128\" width=\"100\" height=\"100\" srcset=\"https:\/\/www.funtofundraising.com\/wp-content\/uploads\/2020\/05\/icono-DESARROLLO-DE-CANALES-Y-PROYECTOS-ESPEC\u00cdFICOS_200x200_inactivo.png 200w, https:\/\/www.funtofundraising.com\/wp-content\/uploads\/2020\/05\/icono-DESARROLLO-DE-CANALES-Y-PROYECTOS-ESPEC\u00cdFICOS_200x200_inactivo-150x150.png 150w\" sizes=\"(max-width: 100px) 100vw, 100px\" \/><\/a><\/figure><\/div>\n\n\n\n<p class=\"has-text-align-center\"><a href=\"https:\/\/www.funtofundraising.com\/en\/desarrollo-de-canales-y-proyectos-especificos\/\">DESARROLLO DE CANALES Y PROYECTOS ESPEC\u00cdFICOS<\/a><\/p>\n\n\n\n<div class=\"wp-block-image\"><figure class=\"aligncenter size-large is-resized\"><a href=\"https:\/\/www.funtofundraising.com\/en\/desarrollo-de-mercados-y-planes-estrategicos\/\"><img loading=\"lazy\" decoding=\"async\" src=\"https:\/\/www.funtofundraising.com\/wp-content\/uploads\/2020\/05\/icono-DESARROLLO-DE-MERCADOS-Y-PLANES-ESTRAT\u00c9GICOS_200x200_inactivo.png\" alt=\"desarrollo-de-mercados-y-planes-estrategicos-fun-to-fundaraising\" class=\"wp-image-130\" width=\"100\" height=\"100\" srcset=\"https:\/\/www.funtofundraising.com\/wp-content\/uploads\/2020\/05\/icono-DESARROLLO-DE-MERCADOS-Y-PLANES-ESTRAT\u00c9GICOS_200x200_inactivo.png 200w, https:\/\/www.funtofundraising.com\/wp-content\/uploads\/2020\/05\/icono-DESARROLLO-DE-MERCADOS-Y-PLANES-ESTRAT\u00c9GICOS_200x200_inactivo-150x150.png 150w\" sizes=\"(max-width: 100px) 100vw, 100px\" \/><\/a><\/figure><\/div>\n\n\n\n<p class=\"has-text-align-center\"><a href=\"https:\/\/www.funtofundraising.com\/en\/desarrollo-de-mercados-y-planes-estrategicos\/\">DESARROLLO DE MERCADOS Y PLANES ESTRAT\u00c9GICOS<\/a><\/p>","protected":false},"excerpt":{"rendered":"<p>Para cualquier organizaci\u00f3n un donante es el patrimonio m\u00e1s preciado. Somos expertos en desarrollar y ejecutar programas integrales de fidelizaci\u00f3n que prolonguen su relaci\u00f3n y compromiso con la causa o misi\u00f3n de nuestros clientes. Con\u00f3zca m\u00e1s de nuestro trabajo: ADQUISICI\u00d3N DE NUEVOS DONANTES DESARROLLO DE CANALES Y PROYECTOS ESPEC\u00cdFICOS DESARROLLO [&hellip;]<\/p>\n","protected":false},"author":1,"featured_media":131,"parent":0,"menu_order":0,"comment_status":"closed","ping_status":"closed","template":"","meta":{"_joinchat":[],"footnotes":""},"class_list":["post-34","page","type-page","status-publish","has-post-thumbnail","hentry"],"_links":{"self":[{"href":"http:\/\/www.funtofundraising.com\/en\/wp-json\/wp\/v2\/pages\/34","targetHints":{"allow":["GET"]}}],"collection":[{"href":"http:\/\/www.funtofundraising.com\/en\/wp-json\/wp\/v2\/pages"}],"about":[{"href":"http:\/\/www.funtofundraising.com\/en\/wp-json\/wp\/v2\/types\/page"}],"author":[{"embeddable":true,"href":"http:\/\/www.funtofundraising.com\/en\/wp-json\/wp\/v2\/users\/1"}],"replies":[{"embeddable":true,"href":"http:\/\/www.funtofundraising.com\/en\/wp-json\/wp\/v2\/comments?post=34"}],"version-history":[{"count":6,"href":"http:\/\/www.funtofundraising.com\/en\/wp-json\/wp\/v2\/pages\/34\/revisions"}],"predecessor-version":[{"id":147,"href":"http:\/\/www.funtofundraising.com\/en\/wp-json\/wp\/v2\/pages\/34\/revisions\/147"}],"wp:featuredmedia":[{"embeddable":true,"href":"http:\/\/www.funtofundraising.com\/en\/wp-json\/wp\/v2\/media\/131"}],"wp:attachment":[{"href":"http:\/\/www.funtofundraising.com\/en\/wp-json\/wp\/v2\/media?parent=34"}],"curies":[{"name":"wp","href":"https:\/\/api.w.org\/{rel}","templated":true}]}}