{"id":57,"date":"2020-05-02T17:07:48","date_gmt":"2020-05-02T22:07:48","guid":{"rendered":"https:\/\/www.funtofundraising.com\/?page_id=57"},"modified":"2020-05-04T20:41:19","modified_gmt":"2020-05-05T01:41:19","slug":"quienes-somos","status":"publish","type":"page","link":"http:\/\/www.funtofundraising.com\/en\/quienes-somos\/","title":{"rendered":"Quienes Somos"},"content":{"rendered":"<figure class=\"wp-block-image alignwide size-large\"><img fetchpriority=\"high\" decoding=\"async\" width=\"1024\" height=\"493\" src=\"https:\/\/www.funtofundraising.com\/wp-content\/uploads\/2020\/05\/IMAGEN-DESTACADA-1038X500_1-1024x493.jpg\" alt=\"quienes-somos-fun-to-fundaraising\" class=\"wp-image-27\" srcset=\"https:\/\/www.funtofundraising.com\/wp-content\/uploads\/2020\/05\/IMAGEN-DESTACADA-1038X500_1-1024x493.jpg 1024w, https:\/\/www.funtofundraising.com\/wp-content\/uploads\/2020\/05\/IMAGEN-DESTACADA-1038X500_1-300x145.jpg 300w, https:\/\/www.funtofundraising.com\/wp-content\/uploads\/2020\/05\/IMAGEN-DESTACADA-1038X500_1-768x370.jpg 768w, https:\/\/www.funtofundraising.com\/wp-content\/uploads\/2020\/05\/IMAGEN-DESTACADA-1038X500_1.jpg 1038w\" sizes=\"(max-width: 1024px) 100vw, 1024px\" \/><\/figure>\n\n\n\n<h2 class=\"has-text-align-center wp-block-heading\">Nuestra Historia:<\/h2>\n\n\n\n<p class=\"has-text-align-center\"><strong>FUN TO FUNDRAISING<\/strong> es una agencia especializada en Fundraising que nace de la pasi\u00f3n por la labor del tercer sector y de la necesidad de ser parte del cambio, buscando crear un mundo mejor y m\u00e1s justo. Nuestro prop\u00f3sito es crear una cultura de solidaridad y revolucionar el concepto de c\u00f3mo hacer Fundraising en Colombia.<\/p>\n\n\n\n<p class=\"has-text-align-center\">Organizaciones como como Unicef conf\u00edan en nuestro trabajo y nos han delegado la labor de recaudar fondos.&nbsp;<\/p>\n\n\n\n<div style=\"height:50px\" aria-hidden=\"true\" class=\"wp-block-spacer\"><\/div>\n\n\n\n<hr class=\"wp-block-separator\"\/>\n\n\n\n<h2 class=\"has-text-align-center wp-block-heading\">Valores de la empresa.<\/h2>\n\n\n\n<h4 class=\"has-text-align-center wp-block-heading\">Optimismo&nbsp;<\/h4>\n\n\n\n<p class=\"has-text-align-center\">A pesar de un mundo en constante cambio e incertidumbre, somos capaces de ver y abrir las mejores oportunidades para nuestros aliados. Creemos que s\u00ed es posible y hacemos f\u00e1cil lo dif\u00edcil.&nbsp;<\/p>\n\n\n\n<h4 class=\"has-text-align-center wp-block-heading\">Integridad<\/h4>\n\n\n\n<p class=\"has-text-align-center\">La capacidad de actuar correcta y oportunamente es una de nuestras banderas como equipo. Nos adelantamos a los problemas, proveemos soluciones eficientes y trabajamos con sentido de orientaci\u00f3n al logro.&nbsp;<\/p>\n\n\n\n<h4 class=\"has-text-align-center wp-block-heading\">Comunicaci\u00f3n<\/h4>\n\n\n\n<p class=\"has-text-align-center\">La comunicaci\u00f3n asertiva constituye el valor que nos permite generar credibilidad y confianza frente a donantes, compa\u00f1\u00edas y nuestro equipo. El ejercicio de la comunicaci\u00f3n permanente constituye la base de nuestro funcionamiento y es una tarea que procuramos mejorar cada d\u00eda.&nbsp;&nbsp;<\/p>\n\n\n\n<h4 class=\"has-text-align-center wp-block-heading\">Honestidad&nbsp;<\/h4>\n\n\n\n<p class=\"has-text-align-center\">Desde todos los frentes este valor nos caracteriza. Honestidad con la informaci\u00f3n, con los procesos, con los donantes y con una labor que requiere creer en una causa, darla a conocer y estar satisfecho por ella.&nbsp;<\/p>\n\n\n\n<h4 class=\"has-text-align-center wp-block-heading\">Agradecimiento&nbsp;<\/h4>\n\n\n\n<p class=\"has-text-align-center\">Estamos seguros que la gratitud es una puerta a nuevas oportunidades. Agradecer a nuestros aliados, donantes y equipo es un valor infaltable porque trabajamos en un entorno de dar y recibir y el agradecimiento nos da la oportunidad de cultivar una relaci\u00f3n en el tiempo.&nbsp;<\/p>\n\n\n\n<div style=\"height:50px\" aria-hidden=\"true\" class=\"wp-block-spacer\"><\/div>\n\n\n\n<hr class=\"wp-block-separator\"\/>\n\n\n\n<h3 class=\"has-text-align-center wp-block-heading\">Misi\u00f3n<\/h3>\n\n\n\n<p class=\"has-text-align-center\">Fun to Fundraising tiene como prop\u00f3sito garantizar el cumplimiento de los objetivos de nuestros aliados, a trav\u00e9s de un modelo productivo, innovador, generador de experiencias divertidas que permiten consolidar una relaci\u00f3n \u00fanica con el donante en funci\u00f3n de la misi\u00f3n que representamos.<\/p>\n\n\n\n<h3 class=\"has-text-align-center wp-block-heading\">Visi\u00f3n&nbsp;<\/h3>\n\n\n\n<p class=\"has-text-align-center\">Ser en el 2022 la Agencia de Fundraising 360, l\u00edder en el mercado latinoamericano, reconocida por su pasi\u00f3n, por sus modelos productivos, innovadores y de experiencia positiva.<\/p>","protected":false},"excerpt":{"rendered":"<p>Nuestra Historia: FUN TO FUNDRAISING es una agencia especializada en Fundraising que nace de la pasi\u00f3n por la labor del tercer sector y de la necesidad de ser parte del cambio, buscando crear un mundo mejor y m\u00e1s justo. Nuestro prop\u00f3sito es crear una cultura de solidaridad y revolucionar el [&hellip;]<\/p>\n","protected":false},"author":1,"featured_media":27,"parent":0,"menu_order":0,"comment_status":"closed","ping_status":"closed","template":"","meta":{"_joinchat":[],"footnotes":""},"class_list":["post-57","page","type-page","status-publish","has-post-thumbnail","hentry"],"_links":{"self":[{"href":"http:\/\/www.funtofundraising.com\/en\/wp-json\/wp\/v2\/pages\/57","targetHints":{"allow":["GET"]}}],"collection":[{"href":"http:\/\/www.funtofundraising.com\/en\/wp-json\/wp\/v2\/pages"}],"about":[{"href":"http:\/\/www.funtofundraising.com\/en\/wp-json\/wp\/v2\/types\/page"}],"author":[{"embeddable":true,"href":"http:\/\/www.funtofundraising.com\/en\/wp-json\/wp\/v2\/users\/1"}],"replies":[{"embeddable":true,"href":"http:\/\/www.funtofundraising.com\/en\/wp-json\/wp\/v2\/comments?post=57"}],"version-history":[{"count":2,"href":"http:\/\/www.funtofundraising.com\/en\/wp-json\/wp\/v2\/pages\/57\/revisions"}],"predecessor-version":[{"id":145,"href":"http:\/\/www.funtofundraising.com\/en\/wp-json\/wp\/v2\/pages\/57\/revisions\/145"}],"wp:featuredmedia":[{"embeddable":true,"href":"http:\/\/www.funtofundraising.com\/en\/wp-json\/wp\/v2\/media\/27"}],"wp:attachment":[{"href":"http:\/\/www.funtofundraising.com\/en\/wp-json\/wp\/v2\/media?parent=57"}],"curies":[{"name":"wp","href":"https:\/\/api.w.org\/{rel}","templated":true}]}}