{"id":37,"date":"2020-05-02T15:10:39","date_gmt":"2020-05-02T20:10:39","guid":{"rendered":"https:\/\/www.funtofundraising.com\/?page_id=37"},"modified":"2020-05-04T20:41:54","modified_gmt":"2020-05-05T01:41:54","slug":"desarrollo-de-canales-y-proyectos-especificos","status":"publish","type":"page","link":"https:\/\/www.funtofundraising.com\/en\/desarrollo-de-canales-y-proyectos-especificos\/","title":{"rendered":"DESARROLLO DE CANALES Y PROYECTOS ESPEC\u00cdFICOS"},"content":{"rendered":"<div class=\"wp-block-image\"><figure class=\"aligncenter size-large\"><img decoding=\"async\" width=\"200\" height=\"200\" src=\"https:\/\/www.funtofundraising.com\/wp-content\/uploads\/2020\/05\/icono-DESARROLLO-DE-CANALES-Y-PROYECTOS-ESPEC\u00cdFICOS_200x200_activo.png\" alt=\"desarrollo-de-canales-y-proyectos-fun-to-fundaraising\" class=\"wp-image-132\" srcset=\"https:\/\/www.funtofundraising.com\/wp-content\/uploads\/2020\/05\/icono-DESARROLLO-DE-CANALES-Y-PROYECTOS-ESPEC\u00cdFICOS_200x200_activo.png 200w, https:\/\/www.funtofundraising.com\/wp-content\/uploads\/2020\/05\/icono-DESARROLLO-DE-CANALES-Y-PROYECTOS-ESPEC\u00cdFICOS_200x200_activo-150x150.png 150w\" sizes=\"(max-width: 200px) 100vw, 200px\" \/><\/figure><\/div>\n\n\n\n<p class=\"has-text-align-center\">Dentro de las organizaciones muchas veces el desarrollo de un canal de captaci\u00f3n de donantes individuales comprometidos y one off resulta dif\u00edcil de implementar, <strong>Fun to Fundraising<\/strong> ofrece asesor\u00edas y dise\u00f1a proyectos de acuerdo a sus necesidades que permiten el cumplimiento de sus objetivos de recaudaci\u00f3n. <\/p>\n\n\n\n<p class=\"has-text-align-center\">Esta l\u00ednea incluye dise\u00f1o, planificaci\u00f3n, implementaci\u00f3n y seguimiento de proyectos de RSE de dinero marcado y no marcado con la total confianza de una \u00e9tica y profesional rendici\u00f3n de cuentas.<\/p>\n\n\n\n<hr class=\"wp-block-separator\"\/>\n\n\n\n<h3 class=\"has-text-align-center wp-block-heading\">Con\u00f3zca m\u00e1s de nuestro trabajo:<\/h3>\n\n\n\n<div class=\"wp-block-image\"><figure class=\"aligncenter size-large is-resized\"><a href=\"https:\/\/www.funtofundraising.com\/en\/desarrollo-de-mercados-y-planes-estrategicos\/\"><img decoding=\"async\" src=\"https:\/\/www.funtofundraising.com\/wp-content\/uploads\/2020\/05\/icono-DESARROLLO-DE-MERCADOS-Y-PLANES-ESTRAT\u00c9GICOS_200x200_inactivo.png\" alt=\"desarrollo-de-mercados-y-planes-estrategicos-fun-to-fundaraising\" class=\"wp-image-130\" width=\"100\" height=\"100\" srcset=\"https:\/\/www.funtofundraising.com\/wp-content\/uploads\/2020\/05\/icono-DESARROLLO-DE-MERCADOS-Y-PLANES-ESTRAT\u00c9GICOS_200x200_inactivo.png 200w, https:\/\/www.funtofundraising.com\/wp-content\/uploads\/2020\/05\/icono-DESARROLLO-DE-MERCADOS-Y-PLANES-ESTRAT\u00c9GICOS_200x200_inactivo-150x150.png 150w\" sizes=\"(max-width: 100px) 100vw, 100px\" \/><\/a><\/figure><\/div>\n\n\n\n<p class=\"has-text-align-center\"><a href=\"https:\/\/www.funtofundraising.com\/en\/desarrollo-de-mercados-y-planes-estrategicos\/\">DESARROLLO DE MERCADOS Y PLANES ESTRAT\u00c9GICOS<\/a><\/p>\n\n\n\n<div class=\"wp-block-image\"><figure class=\"aligncenter size-large is-resized\"><a href=\"https:\/\/www.funtofundraising.com\/en\/fidelizacion-y-desarrollo-de-donantes\/\"><img decoding=\"async\" src=\"https:\/\/www.funtofundraising.com\/wp-content\/uploads\/2020\/05\/icono-FIDELIZACI\u00d3N-Y-DESARROLLO-DE-DONANTES_200x200_inactivo.png\" alt=\"fidelizaci\u00f3n-y-desarrollo-de-donantes-fun-to-fundaraising\" class=\"wp-image-133\" width=\"100\" height=\"100\" srcset=\"https:\/\/www.funtofundraising.com\/wp-content\/uploads\/2020\/05\/icono-FIDELIZACI\u00d3N-Y-DESARROLLO-DE-DONANTES_200x200_inactivo.png 200w, https:\/\/www.funtofundraising.com\/wp-content\/uploads\/2020\/05\/icono-FIDELIZACI\u00d3N-Y-DESARROLLO-DE-DONANTES_200x200_inactivo-150x150.png 150w\" sizes=\"(max-width: 100px) 100vw, 100px\" \/><\/a><\/figure><\/div>\n\n\n\n<p class=\"has-text-align-center\"><a href=\"https:\/\/www.funtofundraising.com\/en\/fidelizacion-y-desarrollo-de-donantes\/\">FIDELIZACI\u00d3N Y DESARROLLO DE DONANTES<\/a><\/p>\n\n\n\n<div class=\"wp-block-image\"><figure class=\"aligncenter size-large is-resized\"><a href=\"https:\/\/www.funtofundraising.com\/en\/adquisicion-de-nuevos-donantes\/\"><img loading=\"lazy\" decoding=\"async\" src=\"https:\/\/www.funtofundraising.com\/wp-content\/uploads\/2020\/05\/icono-ADQUISICI\u00d3N-DE-NUEVOS-DONANTES_inactivo.png\" alt=\"adquisici\u00f3n-de-nuevos-donantes-fun-to-fundaraising\" class=\"wp-image-126\" width=\"100\" height=\"100\" srcset=\"https:\/\/www.funtofundraising.com\/wp-content\/uploads\/2020\/05\/icono-ADQUISICI\u00d3N-DE-NUEVOS-DONANTES_inactivo.png 200w, https:\/\/www.funtofundraising.com\/wp-content\/uploads\/2020\/05\/icono-ADQUISICI\u00d3N-DE-NUEVOS-DONANTES_inactivo-150x150.png 150w\" sizes=\"(max-width: 100px) 100vw, 100px\" \/><\/a><\/figure><\/div>\n\n\n\n<p class=\"has-text-align-center\"><a href=\"https:\/\/www.funtofundraising.com\/en\/adquisicion-de-nuevos-donantes\/\">ADQUISICI\u00d3N DE NUEVOS DONANTES<\/a><\/p>","protected":false},"excerpt":{"rendered":"<p>Dentro de las organizaciones muchas veces el desarrollo de un canal de captaci\u00f3n de donantes individuales comprometidos y one off resulta dif\u00edcil de implementar, Fun to Fundraising ofrece asesor\u00edas y dise\u00f1a proyectos de acuerdo a sus necesidades que permiten el cumplimiento de sus objetivos de recaudaci\u00f3n. Esta l\u00ednea incluye dise\u00f1o, [&hellip;]<\/p>\n","protected":false},"author":1,"featured_media":132,"parent":0,"menu_order":0,"comment_status":"closed","ping_status":"closed","template":"","meta":{"_joinchat":[],"footnotes":""},"class_list":["post-37","page","type-page","status-publish","has-post-thumbnail","hentry"],"_links":{"self":[{"href":"https:\/\/www.funtofundraising.com\/en\/wp-json\/wp\/v2\/pages\/37","targetHints":{"allow":["GET"]}}],"collection":[{"href":"https:\/\/www.funtofundraising.com\/en\/wp-json\/wp\/v2\/pages"}],"about":[{"href":"https:\/\/www.funtofundraising.com\/en\/wp-json\/wp\/v2\/types\/page"}],"author":[{"embeddable":true,"href":"https:\/\/www.funtofundraising.com\/en\/wp-json\/wp\/v2\/users\/1"}],"replies":[{"embeddable":true,"href":"https:\/\/www.funtofundraising.com\/en\/wp-json\/wp\/v2\/comments?post=37"}],"version-history":[{"count":6,"href":"https:\/\/www.funtofundraising.com\/en\/wp-json\/wp\/v2\/pages\/37\/revisions"}],"predecessor-version":[{"id":149,"href":"https:\/\/www.funtofundraising.com\/en\/wp-json\/wp\/v2\/pages\/37\/revisions\/149"}],"wp:featuredmedia":[{"embeddable":true,"href":"https:\/\/www.funtofundraising.com\/en\/wp-json\/wp\/v2\/media\/132"}],"wp:attachment":[{"href":"https:\/\/www.funtofundraising.com\/en\/wp-json\/wp\/v2\/media?parent=37"}],"curies":[{"name":"wp","href":"https:\/\/api.w.org\/{rel}","templated":true}]}}